{"id":701,"date":"2022-07-14T14:46:14","date_gmt":"2022-07-14T14:46:14","guid":{"rendered":"https:\/\/airbornememorialservice.nl\/?page_id=701"},"modified":"2022-08-04T09:12:43","modified_gmt":"2022-08-04T09:12:43","slug":"pers","status":"publish","type":"page","link":"https:\/\/airbornememorialservice.nl\/en\/pers\/","title":{"rendered":"Press"},"content":{"rendered":"\t\t<div data-elementor-type=\"wp-page\" data-elementor-id=\"701\" class=\"elementor elementor-701\" data-elementor-post-type=\"page\">\n\t\t\t\t\t\t<section class=\"elementor-section elementor-top-section elementor-element elementor-element-14fb9f52 elementor-section-boxed elementor-section-height-default elementor-section-height-default\" data-id=\"14fb9f52\" data-element_type=\"section\" data-settings=\"{&quot;background_background&quot;:&quot;classic&quot;}\">\n\t\t\t\t\t\t\t<div class=\"elementor-background-overlay\"><\/div>\n\t\t\t\t\t\t\t<div class=\"elementor-container elementor-column-gap-default\">\n\t\t\t\t\t<div class=\"elementor-column elementor-col-100 elementor-top-column elementor-element elementor-element-33f0a3e6\" data-id=\"33f0a3e6\" data-element_type=\"column\" data-settings=\"{&quot;background_background&quot;:&quot;classic&quot;,&quot;background_motion_fx_motion_fx_scrolling&quot;:&quot;yes&quot;,&quot;background_motion_fx_translateY_effect&quot;:&quot;yes&quot;,&quot;background_motion_fx_translateY_direction&quot;:&quot;negative&quot;,&quot;background_motion_fx_translateY_speed&quot;:{&quot;unit&quot;:&quot;px&quot;,&quot;size&quot;:&quot;2.5&quot;,&quot;sizes&quot;:[]},&quot;background_motion_fx_translateY_affectedRange&quot;:{&quot;unit&quot;:&quot;%&quot;,&quot;size&quot;:&quot;&quot;,&quot;sizes&quot;:{&quot;start&quot;:0,&quot;end&quot;:100}},&quot;background_motion_fx_devices&quot;:[&quot;desktop&quot;,&quot;tablet&quot;,&quot;mobile&quot;]}\">\n\t\t\t<div class=\"elementor-widget-wrap elementor-element-populated\">\n\t\t\t\t\t<div class=\"elementor-background-overlay\"><\/div>\n\t\t\t\t\t\t<div class=\"elementor-element elementor-element-68ad3ec7 animated-slow elementor-invisible elementor-widget elementor-widget-heading\" data-id=\"68ad3ec7\" data-element_type=\"widget\" data-settings=\"{&quot;_animation&quot;:&quot;fadeIn&quot;}\" data-widget_type=\"heading.default\">\n\t\t\t\t<div class=\"elementor-widget-container\">\n\t\t\t<h1 class=\"elementor-heading-title elementor-size-default\">PERS<\/h1>\t\t<\/div>\n\t\t\t\t<\/div>\n\t\t\t\t<div class=\"elementor-element elementor-element-235d1c10 elementor-widget elementor-widget-text-editor\" data-id=\"235d1c10\" data-element_type=\"widget\" data-widget_type=\"text-editor.default\">\n\t\t\t\t<div class=\"elementor-widget-container\">\n\t\t\t\t\t\t\t<p class=\"MsoNoSpacing\">De Pers is van harte welkom bij de Airborne Memorial Service. U dient wel te beschikken over een persaccreditatie van de Organisatie. Deze accreditatie stelt u in de gelegenheid (beeld)verslag te doen van de herdenkingsplechtigheid.\u00a0<\/p>\t\t\t\t\t\t<\/div>\n\t\t\t\t<\/div>\n\t\t\t\t\t<\/div>\n\t\t<\/div>\n\t\t\t\t\t<\/div>\n\t\t<\/section>\n\t\t\t\t<section class=\"elementor-section elementor-top-section elementor-element elementor-element-7571f522 elementor-section-full_width elementor-section-content-middle elementor-section-height-default elementor-section-height-default\" data-id=\"7571f522\" data-element_type=\"section\" data-settings=\"{&quot;background_background&quot;:&quot;classic&quot;}\">\n\t\t\t\t\t\t<div class=\"elementor-container elementor-column-gap-no\">\n\t\t\t\t\t<div class=\"elementor-column elementor-col-100 elementor-top-column elementor-element elementor-element-7d9cde87\" data-id=\"7d9cde87\" data-element_type=\"column\" data-settings=\"{&quot;background_background&quot;:&quot;classic&quot;,&quot;background_motion_fx_translateX_effect&quot;:&quot;yes&quot;,&quot;background_motion_fx_translateX_direction&quot;:&quot;negative&quot;,&quot;background_motion_fx_devices&quot;:[&quot;desktop&quot;],&quot;background_motion_fx_motion_fx_scrolling&quot;:&quot;yes&quot;,&quot;background_motion_fx_translateX_speed&quot;:{&quot;unit&quot;:&quot;px&quot;,&quot;size&quot;:&quot;1.5&quot;,&quot;sizes&quot;:[]},&quot;background_motion_fx_translateX_affectedRange&quot;:{&quot;unit&quot;:&quot;%&quot;,&quot;size&quot;:&quot;&quot;,&quot;sizes&quot;:{&quot;start&quot;:0,&quot;end&quot;:100}}}\">\n\t\t\t<div class=\"elementor-widget-wrap elementor-element-populated\">\n\t\t\t\t\t<div class=\"elementor-background-overlay\"><\/div>\n\t\t\t\t\t\t<section class=\"elementor-section elementor-inner-section elementor-element elementor-element-2d29f2ed elementor-section-height-min-height elementor-section-content-middle elementor-section-boxed elementor-section-height-default\" data-id=\"2d29f2ed\" data-element_type=\"section\">\n\t\t\t\t\t\t<div class=\"elementor-container elementor-column-gap-default\">\n\t\t\t\t\t<div class=\"elementor-column elementor-col-100 elementor-inner-column elementor-element elementor-element-5954d8f6\" data-id=\"5954d8f6\" data-element_type=\"column\" data-settings=\"{&quot;background_background&quot;:&quot;classic&quot;}\">\n\t\t\t<div class=\"elementor-widget-wrap elementor-element-populated\">\n\t\t\t\t\t\t<div class=\"elementor-element elementor-element-1805436c elementor-widget elementor-widget-spacer\" data-id=\"1805436c\" data-element_type=\"widget\" data-widget_type=\"spacer.default\">\n\t\t\t\t<div class=\"elementor-widget-container\">\n\t\t\t\t\t<div class=\"elementor-spacer\">\n\t\t\t<div class=\"elementor-spacer-inner\"><\/div>\n\t\t<\/div>\n\t\t\t\t<\/div>\n\t\t\t\t<\/div>\n\t\t\t\t<div class=\"elementor-element elementor-element-4f74e219 elementor-widget elementor-widget-heading\" data-id=\"4f74e219\" data-element_type=\"widget\" data-widget_type=\"heading.default\">\n\t\t\t\t<div class=\"elementor-widget-container\">\n\t\t\t<h2 class=\"elementor-heading-title elementor-size-default\">BELANGRIJKE AANDACHTSPUNTEN<\/h2>\t\t<\/div>\n\t\t\t\t<\/div>\n\t\t\t\t<div class=\"elementor-element elementor-element-17c858d elementor-widget elementor-widget-text-editor\" data-id=\"17c858d\" data-element_type=\"widget\" data-widget_type=\"text-editor.default\">\n\t\t\t\t<div class=\"elementor-widget-container\">\n\t\t\t\t\t\t\t<p class=\"MsoNoSpacing\">Wanneer u als journalist of fotograaf in aanmerking wilt komen voor een persaccreditatie dient u de hier volgende criteria in acht te nemen.<\/p>\n<ul>\n<li class=\"MsoNoSpacing\">Per medium geldt dat er maximaal voor \u00e9\u00e9n journalist, \u00e9\u00e9n fotograaf, \u00e9\u00e9n radioverslaggever en \u00e9\u00e9n cameraploeg (filmer plus assistent) een aanvraag kan worden ingediend;<\/li>\n<li class=\"MsoNoSpacing\">Het betreft een herdenkingsdienst: houd rekening met gevoelens van bezoekers, toon respect en houd u ingetogen;<\/li>\n<li class=\"MsoNoSpacing\">Bij het verplaatsen op de Begraafplaats is rennen niet toegestaan;<\/li>\n<li class=\"MsoNoSpacing\">Blijf zo veel mogelijk binnen het aa<span style=\"color: black; mso-themecolor: text1;\">ngewe<\/span>zen vak op de Begraafplaats;<\/li>\n<li class=\"MsoNoSpacing\">Blijf uit het zicht van bezoekers en ga niet tussen bezoekers, erehagen, orkesten of vaandelwachten in staan;<\/li>\n<li>Laat uw materiaal niet slingeren, maar houd deze altijd bij u. Zwervend en onbeheerd materiaal, tassen etc. worden direct verwijderd van de Begraafplaats.<\/li>\n<\/ul>\n<p>Filmen door media is alleen toegestaan voor het maken van een nieuwsverslag. Commercieel gebruik van beelden is niet toegestaan. <br><br>Omroep Gelderland zorgt voor een rechtstreekse uitzending van de Airborne Memorial Service.&nbsp;<\/p>\t\t\t\t\t\t<\/div>\n\t\t\t\t<\/div>\n\t\t\t\t\t<\/div>\n\t\t<\/div>\n\t\t\t\t\t<\/div>\n\t\t<\/section>\n\t\t\t\t\t<\/div>\n\t\t<\/div>\n\t\t\t\t\t<\/div>\n\t\t<\/section>\n\t\t\t\t<section class=\"elementor-section elementor-top-section elementor-element elementor-element-683136f8 elementor-section-content-middle elementor-section-boxed elementor-section-height-default elementor-section-height-default\" data-id=\"683136f8\" data-element_type=\"section\" id=\"camp\" data-settings=\"{&quot;background_background&quot;:&quot;classic&quot;}\">\n\t\t\t\t\t\t\t<div class=\"elementor-background-overlay\"><\/div>\n\t\t\t\t\t\t\t<div class=\"elementor-container elementor-column-gap-default\">\n\t\t\t\t\t<div class=\"elementor-column elementor-col-100 elementor-top-column elementor-element elementor-element-1c4f6a86\" data-id=\"1c4f6a86\" data-element_type=\"column\">\n\t\t\t<div class=\"elementor-widget-wrap elementor-element-populated\">\n\t\t\t\t\t\t<div class=\"elementor-element elementor-element-ec24de4 elementor-widget elementor-widget-heading\" data-id=\"ec24de4\" data-element_type=\"widget\" data-widget_type=\"heading.default\">\n\t\t\t\t<div class=\"elementor-widget-container\">\n\t\t\t<h2 class=\"elementor-heading-title elementor-size-default\">wie komt in aanmerking?<\/h2>\t\t<\/div>\n\t\t\t\t<\/div>\n\t\t\t\t<div class=\"elementor-element elementor-element-6ea754c6 elementor-widget elementor-widget-text-editor\" data-id=\"6ea754c6\" data-element_type=\"widget\" data-widget_type=\"text-editor.default\">\n\t\t\t\t<div class=\"elementor-widget-container\">\n\t\t\t\t\t\t\t<p>\u200d\u200d\u200d\u200dIn aanmerking voor een persaccreditatie komen:<\/p><ul><li>(Freelance) journalisten, fotografen en auteurs\/verslaggevers die in opdracht werken van erkende (al dan niet digitale) nieuwsbladen en -media;<\/li><li>Persvoorlichters van betrokken organisaties.<\/li><\/ul><p><br \/>Persaccreditaties worden niet verleend aan:<\/p><ul><li>\u200d\u200dMedewerkers van reclame- of marketingbureaus (al dan niet verbonden aan Media);<\/li><li>Vrijwilligers, ouders, familieleden of andere begeleiders van groepen en\/of deelnemers aan de herdenkingsplechtigheid.\u00a0<\/li><\/ul>\t\t\t\t\t\t<\/div>\n\t\t\t\t<\/div>\n\t\t\t\t\t<\/div>\n\t\t<\/div>\n\t\t\t\t\t<\/div>\n\t\t<\/section>\n\t\t\t\t<section class=\"elementor-section elementor-top-section elementor-element elementor-element-46b8a3ed elementor-section-full_width elementor-section-content-middle elementor-section-height-default elementor-section-height-default\" data-id=\"46b8a3ed\" data-element_type=\"section\" data-settings=\"{&quot;background_background&quot;:&quot;classic&quot;}\">\n\t\t\t\t\t\t<div class=\"elementor-container elementor-column-gap-no\">\n\t\t\t\t\t<div class=\"elementor-column elementor-col-100 elementor-top-column elementor-element elementor-element-d4bb85\" data-id=\"d4bb85\" data-element_type=\"column\" data-settings=\"{&quot;background_background&quot;:&quot;classic&quot;}\">\n\t\t\t<div class=\"elementor-widget-wrap elementor-element-populated\">\n\t\t\t\t\t<div class=\"elementor-background-overlay\"><\/div>\n\t\t\t\t\t\t<section class=\"elementor-section elementor-inner-section elementor-element elementor-element-ae9e152 elementor-section-height-min-height elementor-section-content-middle elementor-section-boxed elementor-section-height-default\" data-id=\"ae9e152\" data-element_type=\"section\">\n\t\t\t\t\t\t<div class=\"elementor-container elementor-column-gap-default\">\n\t\t\t\t\t<div class=\"elementor-column elementor-col-100 elementor-inner-column elementor-element elementor-element-54cb6806\" data-id=\"54cb6806\" data-element_type=\"column\" data-settings=\"{&quot;background_background&quot;:&quot;classic&quot;}\">\n\t\t\t<div class=\"elementor-widget-wrap elementor-element-populated\">\n\t\t\t\t\t\t<div class=\"elementor-element elementor-element-10d0cbeb elementor-widget elementor-widget-spacer\" data-id=\"10d0cbeb\" data-element_type=\"widget\" data-widget_type=\"spacer.default\">\n\t\t\t\t<div class=\"elementor-widget-container\">\n\t\t\t\t\t<div class=\"elementor-spacer\">\n\t\t\t<div class=\"elementor-spacer-inner\"><\/div>\n\t\t<\/div>\n\t\t\t\t<\/div>\n\t\t\t\t<\/div>\n\t\t\t\t<div class=\"elementor-element elementor-element-38864498 elementor-widget elementor-widget-heading\" data-id=\"38864498\" data-element_type=\"widget\" data-widget_type=\"heading.default\">\n\t\t\t\t<div class=\"elementor-widget-container\">\n\t\t\t<h2 class=\"elementor-heading-title elementor-size-default\">aanvragen persaccreditatie<\/h2>\t\t<\/div>\n\t\t\t\t<\/div>\n\t\t\t\t<div class=\"elementor-element elementor-element-34f69da3 elementor-widget elementor-widget-text-editor\" data-id=\"34f69da3\" data-element_type=\"widget\" data-widget_type=\"text-editor.default\">\n\t\t\t\t<div class=\"elementor-widget-container\">\n\t\t\t\t\t\t\t<p class=\"MsoNoSpacing\">\u200dHet aanvragen van een persaccreditatie voor de Airborne Memorial Service kan door een mail te sturen aan <a href=\"mailto:info@prafc.nl\">info@prafc.nl<\/a>.\u00a0<\/p>\t\t\t\t\t\t<\/div>\n\t\t\t\t<\/div>\n\t\t\t\t\t<\/div>\n\t\t<\/div>\n\t\t\t\t\t<\/div>\n\t\t<\/section>\n\t\t\t\t\t<\/div>\n\t\t<\/div>\n\t\t\t\t\t<\/div>\n\t\t<\/section>\n\t\t\t\t<\/div>\n\t\t","protected":false},"excerpt":{"rendered":"<p>PERS De Pers is van harte welkom bij de Airborne Memorial Service. U dient wel te beschikken over een persaccreditatie van de Organisatie. Deze accreditatie stelt u in de gelegenheid (beeld)verslag te doen van de herdenkingsplechtigheid.\u00a0 BELANGRIJKE AANDACHTSPUNTEN Wanneer u als journalist of fotograaf in aanmerking wilt komen voor een persaccreditatie dient u de hier [&hellip;]<\/p>\n","protected":false},"author":3,"featured_media":0,"parent":0,"menu_order":0,"comment_status":"closed","ping_status":"closed","template":"elementor_header_footer","meta":{"inline_featured_image":false,"footnotes":""},"class_list":["post-701","page","type-page","status-publish","hentry"],"yoast_head":"<!-- This site is optimized with the Yoast SEO plugin v27.4 - https:\/\/yoast.com\/product\/yoast-seo-wordpress\/ -->\n<title>Pers - Airborne Memorial Service<\/title>\n<meta name=\"robots\" content=\"index, follow, max-snippet:-1, max-image-preview:large, max-video-preview:-1\" \/>\n<link rel=\"canonical\" href=\"https:\/\/airbornememorialservice.nl\/en\/pers\/\" \/>\n<meta property=\"og:locale\" content=\"en_GB\" \/>\n<meta property=\"og:type\" content=\"article\" \/>\n<meta property=\"og:title\" content=\"Pers - Airborne Memorial Service\" \/>\n<meta property=\"og:description\" content=\"PERS De Pers is van harte welkom bij de Airborne Memorial Service. U dient wel te beschikken over een persaccreditatie van de Organisatie. Deze accreditatie stelt u in de gelegenheid (beeld)verslag te doen van de herdenkingsplechtigheid.\u00a0 BELANGRIJKE AANDACHTSPUNTEN Wanneer u als journalist of fotograaf in aanmerking wilt komen voor een persaccreditatie dient u de hier [&hellip;]\" \/>\n<meta property=\"og:url\" content=\"https:\/\/airbornememorialservice.nl\/en\/pers\/\" \/>\n<meta property=\"og:site_name\" content=\"Airborne Memorial Service\" \/>\n<meta property=\"article:modified_time\" content=\"2022-08-04T09:12:43+00:00\" \/>\n<meta name=\"twitter:card\" content=\"summary_large_image\" \/>\n<meta name=\"twitter:label1\" content=\"Estimated reading time\" \/>\n\t<meta name=\"twitter:data1\" content=\"1 minute\" \/>\n<script type=\"application\/ld+json\" class=\"yoast-schema-graph\">{\"@context\":\"https:\\\/\\\/schema.org\",\"@graph\":[{\"@type\":\"WebPage\",\"@id\":\"https:\\\/\\\/airbornememorialservice.nl\\\/pers\\\/\",\"url\":\"https:\\\/\\\/airbornememorialservice.nl\\\/pers\\\/\",\"name\":\"Pers - Airborne Memorial Service\",\"isPartOf\":{\"@id\":\"https:\\\/\\\/airbornememorialservice.nl\\\/#website\"},\"datePublished\":\"2022-07-14T14:46:14+00:00\",\"dateModified\":\"2022-08-04T09:12:43+00:00\",\"breadcrumb\":{\"@id\":\"https:\\\/\\\/airbornememorialservice.nl\\\/pers\\\/#breadcrumb\"},\"inLanguage\":\"en-GB\",\"potentialAction\":[{\"@type\":\"ReadAction\",\"target\":[\"https:\\\/\\\/airbornememorialservice.nl\\\/pers\\\/\"]}]},{\"@type\":\"BreadcrumbList\",\"@id\":\"https:\\\/\\\/airbornememorialservice.nl\\\/pers\\\/#breadcrumb\",\"itemListElement\":[{\"@type\":\"ListItem\",\"position\":1,\"name\":\"Home\",\"item\":\"https:\\\/\\\/airbornememorialservice.nl\\\/\"},{\"@type\":\"ListItem\",\"position\":2,\"name\":\"Pers\"}]},{\"@type\":\"WebSite\",\"@id\":\"https:\\\/\\\/airbornememorialservice.nl\\\/#website\",\"url\":\"https:\\\/\\\/airbornememorialservice.nl\\\/\",\"name\":\"Airborne Memorial Service\",\"description\":\"We Will Remember Them\",\"publisher\":{\"@id\":\"https:\\\/\\\/airbornememorialservice.nl\\\/#organization\"},\"potentialAction\":[{\"@type\":\"SearchAction\",\"target\":{\"@type\":\"EntryPoint\",\"urlTemplate\":\"https:\\\/\\\/airbornememorialservice.nl\\\/?s={search_term_string}\"},\"query-input\":{\"@type\":\"PropertyValueSpecification\",\"valueRequired\":true,\"valueName\":\"search_term_string\"}}],\"inLanguage\":\"en-GB\"},{\"@type\":\"Organization\",\"@id\":\"https:\\\/\\\/airbornememorialservice.nl\\\/#organization\",\"name\":\"Airborne Memorial Service\",\"url\":\"https:\\\/\\\/airbornememorialservice.nl\\\/\",\"logo\":{\"@type\":\"ImageObject\",\"inLanguage\":\"en-GB\",\"@id\":\"https:\\\/\\\/airbornememorialservice.nl\\\/#\\\/schema\\\/logo\\\/image\\\/\",\"url\":\"https:\\\/\\\/airbornememorialservice.nl\\\/wp-content\\\/uploads\\\/2022\\\/07\\\/logo.svg\",\"contentUrl\":\"https:\\\/\\\/airbornememorialservice.nl\\\/wp-content\\\/uploads\\\/2022\\\/07\\\/logo.svg\",\"width\":\"1024\",\"height\":\"1024\",\"caption\":\"Airborne Memorial Service\"},\"image\":{\"@id\":\"https:\\\/\\\/airbornememorialservice.nl\\\/#\\\/schema\\\/logo\\\/image\\\/\"}}]}<\/script>\n<!-- \/ Yoast SEO plugin. -->","yoast_head_json":{"title":"Pers - Airborne Memorial Service","robots":{"index":"index","follow":"follow","max-snippet":"max-snippet:-1","max-image-preview":"max-image-preview:large","max-video-preview":"max-video-preview:-1"},"canonical":"https:\/\/airbornememorialservice.nl\/en\/pers\/","og_locale":"en_GB","og_type":"article","og_title":"Pers - Airborne Memorial Service","og_description":"PERS De Pers is van harte welkom bij de Airborne Memorial Service. U dient wel te beschikken over een persaccreditatie van de Organisatie. Deze accreditatie stelt u in de gelegenheid (beeld)verslag te doen van de herdenkingsplechtigheid.\u00a0 BELANGRIJKE AANDACHTSPUNTEN Wanneer u als journalist of fotograaf in aanmerking wilt komen voor een persaccreditatie dient u de hier [&hellip;]","og_url":"https:\/\/airbornememorialservice.nl\/en\/pers\/","og_site_name":"Airborne Memorial Service","article_modified_time":"2022-08-04T09:12:43+00:00","twitter_card":"summary_large_image","twitter_misc":{"Estimated reading time":"1 minute"},"schema":{"@context":"https:\/\/schema.org","@graph":[{"@type":"WebPage","@id":"https:\/\/airbornememorialservice.nl\/pers\/","url":"https:\/\/airbornememorialservice.nl\/pers\/","name":"Pers - Airborne Memorial Service","isPartOf":{"@id":"https:\/\/airbornememorialservice.nl\/#website"},"datePublished":"2022-07-14T14:46:14+00:00","dateModified":"2022-08-04T09:12:43+00:00","breadcrumb":{"@id":"https:\/\/airbornememorialservice.nl\/pers\/#breadcrumb"},"inLanguage":"en-GB","potentialAction":[{"@type":"ReadAction","target":["https:\/\/airbornememorialservice.nl\/pers\/"]}]},{"@type":"BreadcrumbList","@id":"https:\/\/airbornememorialservice.nl\/pers\/#breadcrumb","itemListElement":[{"@type":"ListItem","position":1,"name":"Home","item":"https:\/\/airbornememorialservice.nl\/"},{"@type":"ListItem","position":2,"name":"Pers"}]},{"@type":"WebSite","@id":"https:\/\/airbornememorialservice.nl\/#website","url":"https:\/\/airbornememorialservice.nl\/","name":"Airborne Memorial Service","description":"We Will Remember Them","publisher":{"@id":"https:\/\/airbornememorialservice.nl\/#organization"},"potentialAction":[{"@type":"SearchAction","target":{"@type":"EntryPoint","urlTemplate":"https:\/\/airbornememorialservice.nl\/?s={search_term_string}"},"query-input":{"@type":"PropertyValueSpecification","valueRequired":true,"valueName":"search_term_string"}}],"inLanguage":"en-GB"},{"@type":"Organization","@id":"https:\/\/airbornememorialservice.nl\/#organization","name":"Airborne Memorial Service","url":"https:\/\/airbornememorialservice.nl\/","logo":{"@type":"ImageObject","inLanguage":"en-GB","@id":"https:\/\/airbornememorialservice.nl\/#\/schema\/logo\/image\/","url":"https:\/\/airbornememorialservice.nl\/wp-content\/uploads\/2022\/07\/logo.svg","contentUrl":"https:\/\/airbornememorialservice.nl\/wp-content\/uploads\/2022\/07\/logo.svg","width":"1024","height":"1024","caption":"Airborne Memorial Service"},"image":{"@id":"https:\/\/airbornememorialservice.nl\/#\/schema\/logo\/image\/"}}]}},"_links":{"self":[{"href":"https:\/\/airbornememorialservice.nl\/en\/wp-json\/wp\/v2\/pages\/701","targetHints":{"allow":["GET"]}}],"collection":[{"href":"https:\/\/airbornememorialservice.nl\/en\/wp-json\/wp\/v2\/pages"}],"about":[{"href":"https:\/\/airbornememorialservice.nl\/en\/wp-json\/wp\/v2\/types\/page"}],"author":[{"embeddable":true,"href":"https:\/\/airbornememorialservice.nl\/en\/wp-json\/wp\/v2\/users\/3"}],"replies":[{"embeddable":true,"href":"https:\/\/airbornememorialservice.nl\/en\/wp-json\/wp\/v2\/comments?post=701"}],"version-history":[{"count":40,"href":"https:\/\/airbornememorialservice.nl\/en\/wp-json\/wp\/v2\/pages\/701\/revisions"}],"predecessor-version":[{"id":1265,"href":"https:\/\/airbornememorialservice.nl\/en\/wp-json\/wp\/v2\/pages\/701\/revisions\/1265"}],"wp:attachment":[{"href":"https:\/\/airbornememorialservice.nl\/en\/wp-json\/wp\/v2\/media?parent=701"}],"curies":[{"name":"wp","href":"https:\/\/api.w.org\/{rel}","templated":true}]}}